{"id":43,"date":"2021-10-02T15:30:23","date_gmt":"2021-10-02T13:30:23","guid":{"rendered":"http:\/\/www.transanimal.eu\/?page_id=43"},"modified":"2024-03-25T08:13:53","modified_gmt":"2024-03-25T07:13:53","slug":"accueil","status":"publish","type":"page","link":"https:\/\/www.transanimal.eu\/en\/","title":{"rendered":"Accueil &#8211; Transport international d&rsquo;animaux domestiques"},"content":{"rendered":"<div data-elementor-type=\"wp-page\" data-elementor-id=\"43\" class=\"elementor elementor-43\">\n\t\t\t\t\t\t<section class=\"elementor-section elementor-top-section elementor-element elementor-element-12dc34c elementor-section-full_width slider-accueil-ait elementor-hidden-tablet elementor-hidden-mobile elementor-section-height-default elementor-section-height-default\" data-id=\"12dc34c\" data-element_type=\"section\" data-e-type=\"section\">\n\t\t\t\t\t\t<div class=\"elementor-container elementor-column-gap-default\">\n\t\t\t\t\t<div class=\"elementor-column elementor-col-100 elementor-top-column elementor-element elementor-element-3b7dd31\" data-id=\"3b7dd31\" data-element_type=\"column\" data-e-type=\"column\">\n\t\t\t<div class=\"elementor-widget-wrap elementor-element-populated\">\n\t\t\t\t\t\t<div class=\"elementor-element elementor-element-1262c07 elementor-widget elementor-widget-shortcode\" data-id=\"1262c07\" data-element_type=\"widget\" data-e-type=\"widget\" data-widget_type=\"shortcode.default\">\n\t\t\t\t<div class=\"elementor-widget-container\">\n\t\t\t\t\t\t\t<div class=\"elementor-shortcode\">\n<\/div>\n\t\t\t\t\t\t<\/div>\n\t\t\t\t<\/div>\n\t\t\t\t\t<\/div>\n\t\t<\/div>\n\t\t\t\t\t<\/div>\n\t\t<\/section>\n\t\t\t\t<section class=\"elementor-section elementor-top-section elementor-element elementor-element-2755bb9 elementor-section-full_width elementor-section-height-default elementor-section-height-default\" data-id=\"2755bb9\" data-element_type=\"section\" data-e-type=\"section\">\n\t\t\t\t\t\t<div class=\"elementor-container elementor-column-gap-default\">\n\t\t\t\t\t<div class=\"elementor-column elementor-col-100 elementor-top-column elementor-element elementor-element-272d317\" data-id=\"272d317\" data-element_type=\"column\" data-e-type=\"column\">\n\t\t\t<div class=\"elementor-widget-wrap elementor-element-populated\">\n\t\t\t\t\t\t<div class=\"elementor-element elementor-element-a0c17f4 elementor-widget elementor-widget-heading\" data-id=\"a0c17f4\" data-element_type=\"widget\" data-e-type=\"widget\" data-widget_type=\"heading.default\">\n\t\t\t\t<div class=\"elementor-widget-container\">\n\t\t\t\t\t<h1 class=\"elementor-heading-title elementor-size-default\">The professional international transport of live domestic animals.<\/h1>\t\t\t\t<\/div>\n\t\t\t\t<\/div>\n\t\t\t\t\t<\/div>\n\t\t<\/div>\n\t\t\t\t\t<\/div>\n\t\t<\/section>\n\t\t\t\t<section class=\"elementor-section elementor-top-section elementor-element elementor-element-9aeb5e2 elementor-section-boxed elementor-section-height-default elementor-section-height-default\" data-id=\"9aeb5e2\" data-element_type=\"section\" data-e-type=\"section\">\n\t\t\t\t\t\t<div class=\"elementor-container elementor-column-gap-default\">\n\t\t\t\t\t<div class=\"elementor-column elementor-col-100 elementor-top-column elementor-element elementor-element-2a4eb7b\" data-id=\"2a4eb7b\" data-element_type=\"column\" data-e-type=\"column\">\n\t\t\t<div class=\"elementor-widget-wrap elementor-element-populated\">\n\t\t\t\t\t\t<div class=\"elementor-element elementor-element-ad694e5 elementor-widget elementor-widget-heading\" data-id=\"ad694e5\" data-element_type=\"widget\" data-e-type=\"widget\" data-widget_type=\"heading.default\">\n\t\t\t\t<div class=\"elementor-widget-container\">\n\t\t\t\t\t<h2 class=\"elementor-heading-title elementor-size-default\">Our job is to organize the international transport of live pets<\/h2>\t\t\t\t<\/div>\n\t\t\t\t<\/div>\n\t\t\t\t\t<\/div>\n\t\t<\/div>\n\t\t\t\t\t<\/div>\n\t\t<\/section>\n\t\t\t\t<section class=\"elementor-section elementor-top-section elementor-element elementor-element-c378ca7 elementor-section-boxed elementor-section-height-default elementor-section-height-default\" data-id=\"c378ca7\" data-element_type=\"section\" data-e-type=\"section\">\n\t\t\t\t\t\t\t<div class=\"elementor-background-overlay\"><\/div>\n\t\t\t\t\t\t\t<div class=\"elementor-container elementor-column-gap-default\">\n\t\t\t\t\t<div class=\"elementor-column elementor-col-100 elementor-top-column elementor-element elementor-element-0afc47a\" data-id=\"0afc47a\" data-element_type=\"column\" data-e-type=\"column\">\n\t\t\t<div class=\"elementor-widget-wrap elementor-element-populated\">\n\t\t\t\t\t\t<section class=\"elementor-section elementor-inner-section elementor-element elementor-element-549c913 elementor-section-boxed elementor-section-height-default elementor-section-height-default\" data-id=\"549c913\" data-element_type=\"section\" data-e-type=\"section\">\n\t\t\t\t\t\t<div class=\"elementor-container elementor-column-gap-default\">\n\t\t\t\t\t<div class=\"elementor-column elementor-col-50 elementor-inner-column elementor-element elementor-element-c480b53\" data-id=\"c480b53\" data-element_type=\"column\" data-e-type=\"column\">\n\t\t\t<div class=\"elementor-widget-wrap elementor-element-populated\">\n\t\t\t\t\t\t<div class=\"elementor-element elementor-element-de0c34a elementor-position-left elementor-vertical-align-middle elementor-widget elementor-widget-image-box\" data-id=\"de0c34a\" data-element_type=\"widget\" data-e-type=\"widget\" data-widget_type=\"image-box.default\">\n\t\t\t\t<div class=\"elementor-widget-container\">\n\t\t\t\t\t<div class=\"elementor-image-box-wrapper\"><figure class=\"elementor-image-box-img\"><img decoding=\"async\" width=\"230\" height=\"120\" src=\"https:\/\/www.transanimal.eu\/wp-content\/uploads\/2022\/07\/Notre-experience.jpg\" class=\"attachment-full size-full wp-image-1373\" alt=\"\" srcset=\"https:\/\/www.transanimal.eu\/wp-content\/uploads\/2022\/07\/Notre-experience.jpg 230w, https:\/\/www.transanimal.eu\/wp-content\/uploads\/2022\/07\/Notre-experience-18x9.jpg 18w\" sizes=\"(max-width: 230px) 100vw, 230px\" \/><\/figure><div class=\"elementor-image-box-content\"><h3 class=\"elementor-image-box-title\">Our experience<\/h3><p class=\"elementor-image-box-description\">Thanks to our long experience in the <strong>international transport of live domestic animals<\/strong>we are able to meet all the contingencies.<\/p><\/div><\/div>\t\t\t\t<\/div>\n\t\t\t\t<\/div>\n\t\t\t\t\t<\/div>\n\t\t<\/div>\n\t\t\t\t<div class=\"elementor-column elementor-col-50 elementor-inner-column elementor-element elementor-element-9396420\" data-id=\"9396420\" data-element_type=\"column\" data-e-type=\"column\">\n\t\t\t<div class=\"elementor-widget-wrap elementor-element-populated\">\n\t\t\t\t\t\t<div class=\"elementor-element elementor-element-7d6e736 elementor-position-left elementor-vertical-align-middle elementor-widget elementor-widget-image-box\" data-id=\"7d6e736\" data-element_type=\"widget\" data-e-type=\"widget\" data-widget_type=\"image-box.default\">\n\t\t\t\t<div class=\"elementor-widget-container\">\n\t\t\t\t\t<div class=\"elementor-image-box-wrapper\"><figure class=\"elementor-image-box-img\"><img decoding=\"async\" width=\"230\" height=\"120\" src=\"https:\/\/www.transanimal.eu\/wp-content\/uploads\/2022\/07\/Etroite-collaboration.jpg\" class=\"attachment-full size-full wp-image-1374\" alt=\"\" srcset=\"https:\/\/www.transanimal.eu\/wp-content\/uploads\/2022\/07\/Etroite-collaboration.jpg 230w, https:\/\/www.transanimal.eu\/wp-content\/uploads\/2022\/07\/Etroite-collaboration-18x9.jpg 18w\" sizes=\"(max-width: 230px) 100vw, 230px\" \/><\/figure><div class=\"elementor-image-box-content\"><h3 class=\"elementor-image-box-title\">Close collaboration<\/h3><p class=\"elementor-image-box-description\">With national or international airlines, we can ensure the <strong>transporting your pet<\/strong> till the end of the world, <u>door to door<\/u><\/p><\/div><\/div>\t\t\t\t<\/div>\n\t\t\t\t<\/div>\n\t\t\t\t\t<\/div>\n\t\t<\/div>\n\t\t\t\t\t<\/div>\n\t\t<\/section>\n\t\t\t\t<section class=\"elementor-section elementor-inner-section elementor-element elementor-element-666badb elementor-section-boxed elementor-section-height-default elementor-section-height-default\" data-id=\"666badb\" data-element_type=\"section\" data-e-type=\"section\">\n\t\t\t\t\t\t<div class=\"elementor-container elementor-column-gap-default\">\n\t\t\t\t\t<div class=\"elementor-column elementor-col-50 elementor-inner-column elementor-element elementor-element-ee03898\" data-id=\"ee03898\" data-element_type=\"column\" data-e-type=\"column\">\n\t\t\t<div class=\"elementor-widget-wrap elementor-element-populated\">\n\t\t\t\t\t\t<div class=\"elementor-element elementor-element-407fdc6 elementor-position-left elementor-vertical-align-middle elementor-widget elementor-widget-image-box\" data-id=\"407fdc6\" data-element_type=\"widget\" data-e-type=\"widget\" data-widget_type=\"image-box.default\">\n\t\t\t\t<div class=\"elementor-widget-container\">\n\t\t\t\t\t<div class=\"elementor-image-box-wrapper\"><figure class=\"elementor-image-box-img\"><img decoding=\"async\" width=\"230\" height=\"120\" src=\"https:\/\/www.transanimal.eu\/wp-content\/uploads\/2022\/07\/Organiser.jpg\" class=\"attachment-full size-full wp-image-1375\" alt=\"\" srcset=\"https:\/\/www.transanimal.eu\/wp-content\/uploads\/2022\/07\/Organiser.jpg 230w, https:\/\/www.transanimal.eu\/wp-content\/uploads\/2022\/07\/Organiser-18x9.jpg 18w\" sizes=\"(max-width: 230px) 100vw, 230px\" \/><\/figure><div class=\"elementor-image-box-content\"><h3 class=\"elementor-image-box-title\">Arrange<\/h3><p class=\"elementor-image-box-description\">We organize for you, the <strong>transportation of your pet living<\/strong> by road, sea or air, from your home to your final destination.<\/p><\/div><\/div>\t\t\t\t<\/div>\n\t\t\t\t<\/div>\n\t\t\t\t\t<\/div>\n\t\t<\/div>\n\t\t\t\t<div class=\"elementor-column elementor-col-50 elementor-inner-column elementor-element elementor-element-8b1fce0\" data-id=\"8b1fce0\" data-element_type=\"column\" data-e-type=\"column\">\n\t\t\t<div class=\"elementor-widget-wrap elementor-element-populated\">\n\t\t\t\t\t\t<div class=\"elementor-element elementor-element-580c0e6 elementor-position-left elementor-vertical-align-middle elementor-widget elementor-widget-image-box\" data-id=\"580c0e6\" data-element_type=\"widget\" data-e-type=\"widget\" data-widget_type=\"image-box.default\">\n\t\t\t\t<div class=\"elementor-widget-container\">\n\t\t\t\t\t<div class=\"elementor-image-box-wrapper\"><figure class=\"elementor-image-box-img\"><img loading=\"lazy\" decoding=\"async\" width=\"564\" height=\"378\" src=\"https:\/\/www.transanimal.eu\/wp-content\/uploads\/2022\/07\/Peinture-diamant-th-me-chien-et-chat-mosa-que-de-paysage-de-bord-de-mer-et.jpg\" class=\"attachment-full size-full wp-image-1292\" alt=\"\" srcset=\"https:\/\/www.transanimal.eu\/wp-content\/uploads\/2022\/07\/Peinture-diamant-th-me-chien-et-chat-mosa-que-de-paysage-de-bord-de-mer-et.jpg 564w, https:\/\/www.transanimal.eu\/wp-content\/uploads\/2022\/07\/Peinture-diamant-th-me-chien-et-chat-mosa-que-de-paysage-de-bord-de-mer-et-300x201.jpg 300w, https:\/\/www.transanimal.eu\/wp-content\/uploads\/2022\/07\/Peinture-diamant-th-me-chien-et-chat-mosa-que-de-paysage-de-bord-de-mer-et-18x12.jpg 18w\" sizes=\"(max-width: 564px) 100vw, 564px\" \/><\/figure><div class=\"elementor-image-box-content\"><h3 class=\"elementor-image-box-title\">The most important<\/h3><p class=\"elementor-image-box-description\">But the most important in our profession <strong>international transport of live domestic animals<\/strong> is our love and respect for animals.<\/p><\/div><\/div>\t\t\t\t<\/div>\n\t\t\t\t<\/div>\n\t\t\t\t\t<\/div>\n\t\t<\/div>\n\t\t\t\t\t<\/div>\n\t\t<\/section>\n\t\t\t\t\t<\/div>\n\t\t<\/div>\n\t\t\t\t\t<\/div>\n\t\t<\/section>\n\t\t\t\t<section class=\"elementor-section elementor-top-section elementor-element elementor-element-d7d5dcd elementor-hidden-tablet elementor-hidden-mobile elementor-section-boxed elementor-section-height-default elementor-section-height-default\" data-id=\"d7d5dcd\" data-element_type=\"section\" data-e-type=\"section\">\n\t\t\t\t\t\t<div class=\"elementor-container elementor-column-gap-default\">\n\t\t\t\t\t<div class=\"elementor-column elementor-col-100 elementor-top-column elementor-element elementor-element-e5ab6ef\" data-id=\"e5ab6ef\" data-element_type=\"column\" data-e-type=\"column\">\n\t\t\t<div class=\"elementor-widget-wrap elementor-element-populated\">\n\t\t\t\t\t\t<div class=\"elementor-element elementor-element-75b1c97 elementor-widget elementor-widget-heading\" data-id=\"75b1c97\" data-element_type=\"widget\" data-e-type=\"widget\" data-widget_type=\"heading.default\">\n\t\t\t\t<div class=\"elementor-widget-container\">\n\t\t\t\t\t<h2 class=\"elementor-heading-title elementor-size-default\">Our approvals<\/h2>\t\t\t\t<\/div>\n\t\t\t\t<\/div>\n\t\t\t\t<section class=\"elementor-section elementor-inner-section elementor-element elementor-element-d5a7785 elementor-section-full_width elementor-section-height-default elementor-section-height-default\" data-id=\"d5a7785\" data-element_type=\"section\" data-e-type=\"section\">\n\t\t\t\t\t\t<div class=\"elementor-container elementor-column-gap-default\">\n\t\t\t\t\t<div class=\"elementor-column elementor-col-50 elementor-inner-column elementor-element elementor-element-9d4bbb8\" data-id=\"9d4bbb8\" data-element_type=\"column\" data-e-type=\"column\">\n\t\t\t<div class=\"elementor-widget-wrap elementor-element-populated\">\n\t\t\t\t\t\t<div class=\"elementor-element elementor-element-0f69d07 elementor-widget elementor-widget-text-editor\" data-id=\"0f69d07\" data-element_type=\"widget\" data-e-type=\"widget\" data-widget_type=\"text-editor.default\">\n\t\t\t\t<div class=\"elementor-widget-container\">\n\t\t\t\t\t\t\t\t\t<p>Our approvals and our contacts with many airlines, are the insurance of the well-being of your animal during its transport.<\/p>\t\t\t\t\t\t\t\t<\/div>\n\t\t\t\t<\/div>\n\t\t\t\t<div class=\"elementor-element elementor-element-ad10dbc img-agrement elementor-widget elementor-widget-image\" data-id=\"ad10dbc\" data-element_type=\"widget\" data-e-type=\"widget\" data-widget_type=\"image.default\">\n\t\t\t\t<div class=\"elementor-widget-container\">\n\t\t\t\t\t\t\t\t\t\t\t\t<figure class=\"wp-caption\">\n\t\t\t\t\t\t\t\t\t\t<img decoding=\"async\" src=\"https:\/\/www.transanimal.eu\/wp-content\/uploads\/2022\/07\/Logo-agrement.jpg\" title=\"Logo agrement\" alt=\"Logo agrement\" loading=\"lazy\" \/>\t\t\t\t\t\t\t\t\t\t\t<figcaption class=\"widget-image-caption wp-caption-text\"><\/figcaption>\n\t\t\t\t\t\t\t\t\t\t<\/figure>\n\t\t\t\t\t\t\t\t\t<\/div>\n\t\t\t\t<\/div>\n\t\t\t\t\t<\/div>\n\t\t<\/div>\n\t\t\t\t<div class=\"elementor-column elementor-col-50 elementor-inner-column elementor-element elementor-element-b4fd74e\" data-id=\"b4fd74e\" data-element_type=\"column\" data-e-type=\"column\">\n\t\t\t<div class=\"elementor-widget-wrap elementor-element-populated\">\n\t\t\t\t\t\t<div class=\"elementor-element elementor-element-35fe741 elementor-widget elementor-widget-html\" data-id=\"35fe741\" data-element_type=\"widget\" data-e-type=\"widget\" data-widget_type=\"html.default\">\n\t\t\t\t<div class=\"elementor-widget-container\">\n\t\t\t\t\t<table class=\"tab-agrements\">\r\n    <tbody>\r\n    <tr>\r\n    \t<td class=\"Tdh3\"><h3>Approvals, certificates and approvals<\/h3><\/td>\r\n    <\/tr>\r\n    <tr>\r\n    \t<td><div><img loading=\"lazy\" decoding=\"async\" src=\"http:\/\/www.transanimal.eu\/wp-content\/uploads\/2021\/10\/document_signature.png\" width=\"20\" height=\"20\" alt=\"Certificat\" class=\"certif\">&nbsp;Certificate of competency issued in 2002 by the DDPP of the Ari\u00e8ge.<br>Road transport permit Approval 09021.<\/div><\/td>\r\n    <\/tr>\r\n    <tr>\r\n    \t<td><div><img loading=\"lazy\" decoding=\"async\" src=\"http:\/\/www.transanimal.eu\/wp-content\/uploads\/2021\/10\/document_signature.png\" width=\"20\" height=\"20\" alt=\"Certificat\" class=\"certif\">&nbsp;Certificate of capacity for management of a boarding kennel and cattery issued by the DDPP formerly DFS (department of veterinary services).<\/div><\/td>\r\n    <\/tr>\r\n    <tr>\r\n    \t<td><div><img loading=\"lazy\" decoding=\"async\" src=\"http:\/\/www.transanimal.eu\/wp-content\/uploads\/2021\/10\/document_signature.png\" width=\"20\" height=\"20\" alt=\"Certificat\" class=\"certif\">&nbsp;Road transport permit for less and more than 8 hours.<\/div><\/td>\r\n    <\/tr>\r\n    <tr>\r\n    \t<td><div style=\"border-bottom-width:0px;\"><img loading=\"lazy\" decoding=\"async\" src=\"http:\/\/www.transanimal.eu\/wp-content\/uploads\/2021\/10\/document_signature.png\" width=\"20\" height=\"20\" alt=\"Certificat\" class=\"certif\">&nbsp;Alone to have nursing diploma from AP Paris<\/div><\/td>\r\n    <\/tr>\r\n    <\/tbody>\r\n<\/table>\r\n\t\t\t\t<\/div>\n\t\t\t\t<\/div>\n\t\t\t\t\t<\/div>\n\t\t<\/div>\n\t\t\t\t\t<\/div>\n\t\t<\/section>\n\t\t\t\t\t<\/div>\n\t\t<\/div>\n\t\t\t\t\t<\/div>\n\t\t<\/section>\n\t\t\t\t<section class=\"elementor-section elementor-top-section elementor-element elementor-element-47f3d83 elementor-section-full_width col-collaboration elementor-section-height-default elementor-section-height-default\" data-id=\"47f3d83\" data-element_type=\"section\" data-e-type=\"section\">\n\t\t\t\t\t\t<div class=\"elementor-container elementor-column-gap-default\">\n\t\t\t\t\t<div class=\"elementor-column elementor-col-100 elementor-top-column elementor-element elementor-element-b3bd989\" data-id=\"b3bd989\" data-element_type=\"column\" data-e-type=\"column\">\n\t\t\t<div class=\"elementor-widget-wrap elementor-element-populated\">\n\t\t\t\t\t\t<section class=\"elementor-section elementor-inner-section elementor-element elementor-element-5279674 elementor-section-boxed elementor-section-height-default elementor-section-height-default\" data-id=\"5279674\" data-element_type=\"section\" data-e-type=\"section\">\n\t\t\t\t\t\t<div class=\"elementor-container elementor-column-gap-default\">\n\t\t\t\t\t<div class=\"elementor-column elementor-col-50 elementor-inner-column elementor-element elementor-element-7e6b6b3\" data-id=\"7e6b6b3\" data-element_type=\"column\" data-e-type=\"column\">\n\t\t\t<div class=\"elementor-widget-wrap elementor-element-populated\">\n\t\t\t\t\t\t<div class=\"elementor-element elementor-element-ecaa59e elementor-widget__width-inherit elementor-widget elementor-widget-heading\" data-id=\"ecaa59e\" data-element_type=\"widget\" data-e-type=\"widget\" data-widget_type=\"heading.default\">\n\t\t\t\t<div class=\"elementor-widget-container\">\n\t\t\t\t\t<h2 class=\"elementor-heading-title elementor-size-default\">Many contacts for our pets transports<\/h2>\t\t\t\t<\/div>\n\t\t\t\t<\/div>\n\t\t\t\t<div class=\"elementor-element elementor-element-b1083eb elementor-widget elementor-widget-html\" data-id=\"b1083eb\" data-element_type=\"widget\" data-e-type=\"widget\" data-widget_type=\"html.default\">\n\t\t\t\t<div class=\"elementor-widget-container\">\n\t\t\t\t\t<div class=\"note\">We work in close contacts with ANIMALSAWAY1 New York as well as PETPORT South Africa, SNOOPYPETS Dubai, BVC Abu Dhabi and DELMON RELOCATORS Bahrain, as well as TRANSCONTROL Brazil and many others.<\/div>\t\t\t\t<\/div>\n\t\t\t\t<\/div>\n\t\t\t\t\t<\/div>\n\t\t<\/div>\n\t\t\t\t<div class=\"elementor-column elementor-col-50 elementor-inner-column elementor-element elementor-element-e769d79\" data-id=\"e769d79\" data-element_type=\"column\" data-e-type=\"column\">\n\t\t\t<div class=\"elementor-widget-wrap elementor-element-populated\">\n\t\t\t\t\t\t<div class=\"elementor-element elementor-element-3c90274 groupe-animaux elementor-widget elementor-widget-image\" data-id=\"3c90274\" data-element_type=\"widget\" data-e-type=\"widget\" data-widget_type=\"image.default\">\n\t\t\t\t<div class=\"elementor-widget-container\">\n\t\t\t\t\t\t\t\t\t\t\t\t\t\t\t<img loading=\"lazy\" decoding=\"async\" width=\"300\" height=\"191\" src=\"https:\/\/www.transanimal.eu\/wp-content\/uploads\/2021\/10\/Groupe-animaux.gif\" class=\"attachment-full size-full wp-image-222\" alt=\"Transport international d&#039;animaux domestiques\" \/>\t\t\t\t\t\t\t\t\t\t\t\t\t\t\t<\/div>\n\t\t\t\t<\/div>\n\t\t\t\t\t<\/div>\n\t\t<\/div>\n\t\t\t\t\t<\/div>\n\t\t<\/section>\n\t\t\t\t\t<\/div>\n\t\t<\/div>\n\t\t\t\t\t<\/div>\n\t\t<\/section>\n\t\t\t\t<\/div>","protected":false},"excerpt":{"rendered":"<p>Le professionnel du transport international d&rsquo;animaux domestiques vivants. Notre m\u00e9tier est d&rsquo;organiser le transport international d&rsquo;animaux domestiques vivants Notre exp\u00e9rience Gr\u00e2ce \u00e0 notre longue exp\u00e9rience dans le transport international d&rsquo;animaux domestiques vivants, nous sommes capables de r\u00e9pondre \u00e0 tous les impr\u00e9vus. Etroite collaboration Avec des compagnies a\u00e9riennes nationales ou internationales, nous pouvons assurer le transport [&hellip;]<\/p>\n","protected":false},"author":1,"featured_media":222,"parent":0,"menu_order":0,"comment_status":"closed","ping_status":"closed","template":"","meta":{"footnotes":""},"class_list":["post-43","page","type-page","status-publish","has-post-thumbnail","hentry"],"_links":{"self":[{"href":"https:\/\/www.transanimal.eu\/en\/wp-json\/wp\/v2\/pages\/43","targetHints":{"allow":["GET"]}}],"collection":[{"href":"https:\/\/www.transanimal.eu\/en\/wp-json\/wp\/v2\/pages"}],"about":[{"href":"https:\/\/www.transanimal.eu\/en\/wp-json\/wp\/v2\/types\/page"}],"author":[{"embeddable":true,"href":"https:\/\/www.transanimal.eu\/en\/wp-json\/wp\/v2\/users\/1"}],"replies":[{"embeddable":true,"href":"https:\/\/www.transanimal.eu\/en\/wp-json\/wp\/v2\/comments?post=43"}],"version-history":[{"count":530,"href":"https:\/\/www.transanimal.eu\/en\/wp-json\/wp\/v2\/pages\/43\/revisions"}],"predecessor-version":[{"id":2544,"href":"https:\/\/www.transanimal.eu\/en\/wp-json\/wp\/v2\/pages\/43\/revisions\/2544"}],"wp:featuredmedia":[{"embeddable":true,"href":"https:\/\/www.transanimal.eu\/en\/wp-json\/wp\/v2\/media\/222"}],"wp:attachment":[{"href":"https:\/\/www.transanimal.eu\/en\/wp-json\/wp\/v2\/media?parent=43"}],"curies":[{"name":"wp","href":"https:\/\/api.w.org\/{rel}","templated":true}]}}