{"id":853,"date":"2021-11-15T11:03:01","date_gmt":"2021-11-15T10:03:01","guid":{"rendered":"http:\/\/www.transanimal.eu\/?page_id=853"},"modified":"2022-08-03T17:23:49","modified_gmt":"2022-08-03T15:23:49","slug":"mentions-legales","status":"publish","type":"page","link":"https:\/\/www.transanimal.eu\/en\/mentions-legales\/","title":{"rendered":"Legal Notices"},"content":{"rendered":"<div data-elementor-type=\"wp-page\" data-elementor-id=\"853\" class=\"elementor elementor-853\">\n\t\t\t\t\t\t<section class=\"elementor-section elementor-top-section elementor-element elementor-element-207c48ba elementor-section-boxed elementor-section-height-default elementor-section-height-default\" data-id=\"207c48ba\" data-element_type=\"section\" data-e-type=\"section\">\n\t\t\t\t\t\t<div class=\"elementor-container elementor-column-gap-default\">\n\t\t\t\t\t<div class=\"elementor-column elementor-col-100 elementor-top-column elementor-element elementor-element-50b3760e\" data-id=\"50b3760e\" data-element_type=\"column\" data-e-type=\"column\">\n\t\t\t<div class=\"elementor-widget-wrap elementor-element-populated\">\n\t\t\t\t\t\t<div class=\"elementor-element elementor-element-18d583db e-transform elementor-widget elementor-widget-text-editor\" data-id=\"18d583db\" data-element_type=\"widget\" data-e-type=\"widget\" data-settings=\"{&quot;_transform_translateX_effect&quot;:{&quot;unit&quot;:&quot;px&quot;,&quot;size&quot;:&quot;&quot;,&quot;sizes&quot;:[]},&quot;_transform_translateX_effect_tablet&quot;:{&quot;unit&quot;:&quot;px&quot;,&quot;size&quot;:&quot;&quot;,&quot;sizes&quot;:[]},&quot;_transform_translateX_effect_mobile&quot;:{&quot;unit&quot;:&quot;px&quot;,&quot;size&quot;:&quot;&quot;,&quot;sizes&quot;:[]},&quot;_transform_translateY_effect&quot;:{&quot;unit&quot;:&quot;px&quot;,&quot;size&quot;:&quot;&quot;,&quot;sizes&quot;:[]},&quot;_transform_translateY_effect_tablet&quot;:{&quot;unit&quot;:&quot;px&quot;,&quot;size&quot;:&quot;&quot;,&quot;sizes&quot;:[]},&quot;_transform_translateY_effect_mobile&quot;:{&quot;unit&quot;:&quot;px&quot;,&quot;size&quot;:&quot;&quot;,&quot;sizes&quot;:[]}}\" data-widget_type=\"text-editor.default\">\n\t\t\t\t<div class=\"elementor-widget-container\">\n\t\t\t\t\t\t\t\t\t\n<h1 class=\"has-text-align-center wp-block-heading\">Legal notices<\/h1>\n\n\n\n<div class=\"mentions_legales\">\n<p style=\"text-align: justify;\"><strong>\u00a0<\/strong><br \/>In accordance with the provisions of Articles 6-III and 19 of Law No. 2004-575 of 21 June 2004 on Confidence in the Digital Economy, known as L.C.E.N., we bring to the attention of users and visitors of the site: <a href=\"http:\/\/www.transanimal.eu\" target=\"_blank\" rel=\"noopener\">www.transanimal.eu<\/a> the following information :<\/p>\n<h3>Editor<\/h3>\n<p style=\"text-align: justify;\">The site <a style=\"color: #0782c1; font-family: sans-serif, Arial, Verdana,;\" href=\"http:\/\/www.transanimal.eu\" target=\"_blank\" rel=\"noopener\">www.transanimal.eu<\/a>\u00a0is the exclusive property of\u00a0<strong>Individual business\u00a0<\/strong><strong>AIT (AIR INTERNATIONAL TRANSANIMAL)<\/strong>, which edits it.<\/p>\n<p style=\"text-align: justify;\"><strong>AIT (AIR INTERNATIONAL TRANSANIMAL)<\/strong><strong>\u00a0<\/strong><br \/><strong>Individual business <\/strong> T\u00e9l\u00a0 : <strong>+33 6 73 12 63 24<\/strong><\/p>\n<p style=\"text-align: justify;\"><strong>68C rue Pasteur\u00a0<\/strong><strong>77660 St Jean les deux jumeaux<\/strong><br \/>Registered in the Trade and Companies Register of\u00a0\u00a0<strong>RCS Meaux <\/strong>under the number<strong>\u00a0<\/strong><strong>312 927 783 00042<\/strong><strong>\u00a0<\/strong><\/p>\n<p style=\"text-align: justify;\">VAT number : <strong>.<\/strong><br \/>Email address : <strong>jossy@transanimal.eu<\/strong>\u00a0<br \/>\u00a0<br \/>Directeur de la\u00a0 publication\u00a0: <strong>Mme HANIAS SCRUBY Jocelyne<\/strong><br \/>Contact the person responsible for the publication : <strong>jossy@transanimal.eu<\/strong><\/p>\n<h3>Accommodation<\/h3>\n<p style=\"text-align: justify;\">The site is hosted by\u00a0<strong>VMI 64 rue de la R\u00e9publique 09210 L\u00e9zat \/ L\u00e9ze<\/strong><br \/>\n<h3>Cr\u00e9dits :<\/h3>\n<p style=\"text-align: justify;\">The legal notices have been generated by <strong><a href=\"https:\/\/www.generer-mentions-legales.com\" target=\"_blank\" rel=\"noopener\">mentions l\u00e9gales<\/a><\/strong><br\/>The different photos are free of rights on Google.<\/p>\n<h3>Description of services provided<\/h3>\n<p style=\"text-align: justify;\">The site <a style=\"text-align: justify;\" href=\"http:\/\/www.transanimal.eu\" target=\"_blank\" rel=\"noopener\">www.transanimal.eu<\/a> aims to provide information on all of the company's activities. The owner of the site strives to provide on the site <a style=\"text-align: justify;\" href=\"http:\/\/www.transanimal.eu\" target=\"_blank\" rel=\"noopener\">www.transanimal.eu<\/a> information as precise as possible. However, it cannot be held responsible for omissions, inaccuracies and deficiencies in the update, whether by itself or by third party partners who provide it with this information. All the information offered on the site <a style=\"text-align: justify;\" href=\"http:\/\/www.transanimal.eu\" target=\"_blank\" rel=\"noopener\">www.transanimal.eu<\/a> are given for information only, are not exhaustive, and are subject to change. They are given subject to modifications having been made since they were put online.\u00a0\u00a0<\/p>\n<h3>Intellectual property and counterfeits<\/h3>\n<p>Le proprietaire du site est propri\u00e9taire des droits de propri\u00e9t\u00e9 intellectuelle ou d\u00e9tient les droits d\u2019usage sur tous les \u00e9l\u00e9ments accessibles sur le site, notamment les textes, images, graphismes, logo, ic\u00f4nes, sons, logiciels\u2026 Toute reproduction, repr\u00e9sentation, modification, publication, adaptation totale ou partielle des \u00e9l\u00e9ments du site, quel que soit le moyen ou le proc\u00e9d\u00e9 utilis\u00e9, est interdite, sauf autorisation \u00e9crite pr\u00e9alable \u00e0 l&#8217;email : jossy@transanimal.eu\u00a0\u00a0. Toute exploitation non autoris\u00e9e du site ou de l\u2019un quelconque de ces \u00e9l\u00e9ments qu\u2019il contient sera consid\u00e9r\u00e9e comme constitutive d\u2019une contrefa\u00e7on et poursuivie conform\u00e9ment aux dispositions des articles L.335-2 et suivants du Code de Propri\u00e9t\u00e9 Intellectuelle. \u00a0<\/p>\n<h3>Hypertext links and cookies<\/h3>\n<p>The site <a style=\"text-align: justify;\" href=\"http:\/\/www.transanimal.eu\" target=\"_blank\" rel=\"noopener\">www.transanimal.eu<\/a> contient un certain nombre de liens hypertextes vers d\u2019autres sites (partenaires, informations \u2026) mis en place avec l\u2019autorisation de le proprietaire du site . Cependant, le proprietaire du site n\u2019a pas la possibilit\u00e9 de v\u00e9rifier le contenu des sites ainsi visit\u00e9s\u00a0 et d\u00e9cline donc toute responsabilit\u00e9 de ce fait quand aux risques \u00e9ventuels de contenus illicites. L\u2019utilisateur est inform\u00e9 que lors de ses visites sur le site <a style=\"text-align: justify;\" href=\"http:\/\/www.transanimal.eu\" target=\"_blank\" rel=\"noopener\">www.transanimal.eu<\/a>, one or more cookies are likely to be installed automatically on their computer. A cookie is a small file, which does not allow the user to be identified, but which records information relating to the navigation of a computer on a site. The data thus obtained are intended to facilitate subsequent navigation on the site, and are also intended to allow various measures of attendance. The configuration of the navigation software makes it possible to inform of the presence of a cookie and possibly to refuse as described at the following address: www.cnil.fr. Refusing to install a cookie may make it impossible to access certain services. The user can however configure his computer as follows, to refuse the installation of cookies: In Internet Explorer: tool tab \/ internet options. Click on Privacy and choose Block all cookies. Validate on Ok. In Netscape: edition \/ preferences tab. Click on Advanced and choose Disable cookies. Validate on Ok. \u00a0<\/p>\n<h3>Protection of goods and people - Personal data management<\/h3>\n<p>User: Internet user connecting, using the aforementioned site: <a style=\"text-align: justify;\" href=\"http:\/\/www.transanimal.eu\" target=\"_blank\" rel=\"noopener\">www.transanimal.eu<\/a> In France, personal data is protected in particular by law n \u00b0 78-87 of January 6, 1978, law n \u00b0 2004-801 of August 6, 2004, article L. 226-13 of the Penal Code and the European Directive of 24 October 1995.<\/p>\n<p>On the site <a style=\"text-align: justify;\" href=\"http:\/\/www.transanimal.eu\" target=\"_blank\" rel=\"noopener\">www.transanimal.eu<\/a>, the site owner only collects personal information about the user for the purposes of certain services offered by the site <a style=\"text-align: justify;\" href=\"http:\/\/www.transanimal.eu\" target=\"_blank\" rel=\"noopener\">www.transanimal.eu<\/a>. The user provides this information with full knowledge of the facts, especially when entering it himself. It is then specified to the user of the site <a style=\"text-align: justify;\" href=\"http:\/\/www.transanimal.eu\" target=\"_blank\" rel=\"noopener\">www.transanimal.eu<\/a> the obligation or not to provide this information. In accordance with the provisions of articles 38 and following of the law 78-17 of January 6, 1978 relating to data processing, files and freedoms, any user has a right of access, rectification, deletion and opposition to personal data concerning him. To exercise it, send your request to <a style=\"text-align: justify;\" href=\"http:\/\/www.transanimal.eu\" target=\"_blank\" rel=\"noopener\">www.transanimal.eu<\/a> par email : email du webmaster ou\u00a0 en effectuant sa demande \u00e9crite et sign\u00e9e, accompagn\u00e9e d\u2019une copie du titre d\u2019identit\u00e9 avec signature du titulaire de la pi\u00e8ce, en pr\u00e9cisant l\u2019adresse \u00e0 laquelle la r\u00e9ponse doit \u00eatre envoy\u00e9e.<\/p>\n<p>No personal information of the site user <a style=\"text-align: justify;\" href=\"http:\/\/www.transanimal.eu\" target=\"_blank\" rel=\"noopener\">www.transanimal.eu<\/a> is not published without the user's knowledge, exchanged, transferred, assigned or sold in any medium to third parties. Only the assumption of the purchase of the site <a style=\"text-align: justify;\" href=\"http:\/\/www.transanimal.eu\" target=\"_blank\" rel=\"noopener\">www.transanimal.eu<\/a> to the owner of the site and his rights would allow the transmission of such information to the prospective purchaser who would in turn be bound by the same obligation to store and modify data with respect to the user of the site <a style=\"text-align: justify;\" href=\"http:\/\/www.transanimal.eu\" target=\"_blank\" rel=\"noopener\">www.transanimal.eu<\/a>.<\/p>\n<p>The site <a style=\"text-align: justify;\" href=\"http:\/\/www.transanimal.eu\" target=\"_blank\" rel=\"noopener\">www.transanimal.eu<\/a> is in compliance with the RGPD see our RGPD policy\u00a0 <a href=\"http:\/\/www.transanimal.eu\/politique-de-confidentialite\">http:\/\/www.transanimal.eu\/politique-de-confidentialite<\/a>.<\/p>\n<p>The databases are protected by the provisions of the law of July 1, 1998 transposing Directive 96\/9 of March 11, 1996 on the legal protection of databases.<\/p>\n<\/div>\n\t\t\t\t\t\t\t\t<\/div>\n\t\t\t\t<\/div>\n\t\t\t\t\t<\/div>\n\t\t<\/div>\n\t\t\t\t\t<\/div>\n\t\t<\/section>\n\t\t\t\t<\/div>","protected":false},"excerpt":{"rendered":"<p>Mentions l\u00e9gales \u00a0Conform\u00e9ment aux dispositions des articles 6-III et 19 de la Loi n\u00b0 2004-575 du 21 juin 2004 pour la Confiance dans l&rsquo;\u00e9conomie num\u00e9rique, dite L.C.E.N., nous portons \u00e0 la connaissance des utilisateurs et visiteurs du site : www.transanimal.eu les informations suivantes : \u00c9diteur Le site www.transanimal.eu\u00a0est la propri\u00e9t\u00e9 exclusive de\u00a0Entreprise individuelle\u00a0AIT (AIR INTERNATIONAL [&hellip;]<\/p>\n","protected":false},"author":1,"featured_media":0,"parent":0,"menu_order":0,"comment_status":"closed","ping_status":"closed","template":"","meta":{"footnotes":""},"class_list":["post-853","page","type-page","status-publish","hentry"],"_links":{"self":[{"href":"https:\/\/www.transanimal.eu\/en\/wp-json\/wp\/v2\/pages\/853","targetHints":{"allow":["GET"]}}],"collection":[{"href":"https:\/\/www.transanimal.eu\/en\/wp-json\/wp\/v2\/pages"}],"about":[{"href":"https:\/\/www.transanimal.eu\/en\/wp-json\/wp\/v2\/types\/page"}],"author":[{"embeddable":true,"href":"https:\/\/www.transanimal.eu\/en\/wp-json\/wp\/v2\/users\/1"}],"replies":[{"embeddable":true,"href":"https:\/\/www.transanimal.eu\/en\/wp-json\/wp\/v2\/comments?post=853"}],"version-history":[{"count":44,"href":"https:\/\/www.transanimal.eu\/en\/wp-json\/wp\/v2\/pages\/853\/revisions"}],"predecessor-version":[{"id":2160,"href":"https:\/\/www.transanimal.eu\/en\/wp-json\/wp\/v2\/pages\/853\/revisions\/2160"}],"wp:attachment":[{"href":"https:\/\/www.transanimal.eu\/en\/wp-json\/wp\/v2\/media?parent=853"}],"curies":[{"name":"wp","href":"https:\/\/api.w.org\/{rel}","templated":true}]}}